{"id":2,"date":"2018-04-07T00:45:43","date_gmt":"2018-04-06T22:45:43","guid":{"rendered":"http:\/\/antoniotisi.it\/?page_id=2"},"modified":"2026-03-03T01:38:42","modified_gmt":"2026-03-03T00:38:42","slug":"chi-sono","status":"publish","type":"page","link":"https:\/\/antoniotisi.it\/","title":{"rendered":"Chi sono"},"content":{"rendered":"<p style=\"text-align: left;\"><img decoding=\"async\" class=\"alignnone  wp-image-1141\" src=\"https:\/\/antoniotisi.it\/wp-content\/uploads\/2021\/01\/cropped-95E6D8D7-B70E-4432-890C-26DC326BBEEE-400x400.jpeg\" alt=\"\" width=\"211\" height=\"211\" srcset=\"https:\/\/antoniotisi.it\/wp-content\/uploads\/2021\/01\/cropped-95E6D8D7-B70E-4432-890C-26DC326BBEEE-400x400.jpeg 400w, https:\/\/antoniotisi.it\/wp-content\/uploads\/2021\/01\/cropped-95E6D8D7-B70E-4432-890C-26DC326BBEEE-384x384.jpeg 384w, https:\/\/antoniotisi.it\/wp-content\/uploads\/2021\/01\/cropped-95E6D8D7-B70E-4432-890C-26DC326BBEEE-270x270.jpeg 270w, https:\/\/antoniotisi.it\/wp-content\/uploads\/2021\/01\/cropped-95E6D8D7-B70E-4432-890C-26DC326BBEEE-192x192.jpeg 192w, https:\/\/antoniotisi.it\/wp-content\/uploads\/2021\/01\/cropped-95E6D8D7-B70E-4432-890C-26DC326BBEEE-180x180.jpeg 180w, https:\/\/antoniotisi.it\/wp-content\/uploads\/2021\/01\/cropped-95E6D8D7-B70E-4432-890C-26DC326BBEEE-32x32.jpeg 32w, https:\/\/antoniotisi.it\/wp-content\/uploads\/2021\/01\/cropped-95E6D8D7-B70E-4432-890C-26DC326BBEEE.jpeg 512w\" sizes=\"(max-width: 211px) 100vw, 211px\" \/><img decoding=\"async\" class=\" wp-image-28 alignright\" src=\"https:\/\/antoniotisi.it\/wp-content\/uploads\/2018\/04\/media-buying-300x300.jpg\" alt=\"\" width=\"147\" height=\"147\" srcset=\"https:\/\/antoniotisi.it\/wp-content\/uploads\/2018\/04\/media-buying-300x300.jpg 300w, https:\/\/antoniotisi.it\/wp-content\/uploads\/2018\/04\/media-buying-150x150.jpg 150w, https:\/\/antoniotisi.it\/wp-content\/uploads\/2018\/04\/media-buying-768x768.jpg 768w, https:\/\/antoniotisi.it\/wp-content\/uploads\/2018\/04\/media-buying-1024x1024.jpg 1024w, https:\/\/antoniotisi.it\/wp-content\/uploads\/2018\/04\/media-buying-1170x1170.jpg 1170w, https:\/\/antoniotisi.it\/wp-content\/uploads\/2018\/04\/media-buying.jpg 1200w\" sizes=\"(max-width: 147px) 100vw, 147px\" \/><img decoding=\"async\" class=\" wp-image-687 alignright\" src=\"https:\/\/antoniotisi.it\/wp-content\/uploads\/2020\/08\/DPV_logo_mobil_80x40-01.jpg\" alt=\"\" width=\"205\" height=\"103\"><\/p>\r\n<p style=\"text-align: left;\">Campano di origine, laziale di adozione, classe \u201968, da oltre 25 anni nella comunicazione. Per circa 5 anni a Berlino nel periodo a cavallo del 2000, reporter e giornalista freelance, ha raccontato, con immagini e parole, sottotraccia e nei ritagli di tempo, alcuni anfratti e momenti della citt\u00e0 tedesca e proprio in quegli anni ha collaborato ad alcuni servizi giornalistici con la sede Rai della capitale tedesca, continuando poi a Roma dove, stabilendosi in pianta stabile, ha trascorso fino ad oggi pi\u00f9 di 25 anni presso <a href=\"http:\/\/zonacesarini.rai.it\">Radio1 Rai<\/a> al <a href=\"http:\/\/www.raiplayradio.it\/radio1\/\">Giornale Radio<\/a>, contribuendo all\u2019organizzazione, alla preparazione e la realizzazione di programmi radiofonici della <a href=\"http:\/\/www.raiplayradio.it\/collezioni\/radio1sport\/\">Redazione Sportiva<\/a>. <a href=\"https:\/\/it.wikipedia.org\/wiki\/Produttore_radiofonico\" target=\"_blank\" rel=\"noopener\">Producer<\/a> (<a href=\"https:\/\/antoniotisi.it\/wp-content\/uploads\/2026\/02\/Figura-professionele-PROGRAMMISTA-MULTIMEDIALE.pdf\" target=\"_blank\" rel=\"noopener\">programmista multimediale<\/a>) <a href=\"https:\/\/www.raiplaysound.it\/radio1\" target=\"_blank\" rel=\"noopener\">Radio1<\/a> (<a href=\"https:\/\/www.raiplaysound.it\/radio1sport\" target=\"_blank\" rel=\"noopener\">Sport<\/a>). <a href=\"http:\/\/www.italynews.en-a.eu\/archiv\/\" target=\"_blank\" rel=\"noopener\">Corrispondente ENA<\/a> (<a href=\"http:\/\/www.italynews.en-a.eu\/partner_info\/\" target=\"_blank\" rel=\"noopener\">European News Agency<\/a>), <a href=\"https:\/\/italynews.en-a.eu\/partner_info\/\" target=\"_blank\" rel=\"noopener\">fotoreporter<\/a>&nbsp;(ENA); ideatore, autore, editore, curatore e responsabile editoriale dei siti internet, <a href=\"http:\/\/lavocediberlino.info\" target=\"_blank\" rel=\"noopener\">lavocediberlino.info<\/a><a href=\"http:\/\/quinotizia.com\">,&nbsp;<\/a><a href=\"http:\/\/www.ilsatirico.eu\" target=\"_blank\" rel=\"noopener\">ilsatirico.eu,<\/a> <a href=\"https:\/\/www.ilbisbiglio.it\" target=\"_blank\" rel=\"noopener\">ilbisbiglio.it<\/a> e di altri blog. Content manager, autore\/editor\/amministratore del sito <a href=\"http:\/\/zonacesarini.rai.it\" target=\"_blank\" rel=\"noopener\">www.zonacesarini.rai.it<\/a>&nbsp;e editor pagina ufficiale facebook <a href=\"https:\/\/www.facebook.com\/Radio1Sport?ref=hl\" target=\"_blank\" rel=\"noopener\">Radio1Sport<\/a>&nbsp;(Radio1 Rai).<br>Come autore, scrive su <a href=\"https:\/\/www.ilfattoquotidiano.it\/2023\/02\/04\/messina-denaro-in-latitanza-faceva-tutto-quello-che-voleva-eppure-era-ricercato-cosi-dicono\/6953256\/\" target=\"_blank\" rel=\"noopener\">Il Fatto Quotidiano<\/a>, <a href=\"http:\/\/italynews.en-a.eu\/archiv\/\" target=\"_blank\" rel=\"noopener\">European News Agency<\/a>, <a href=\"https:\/\/www.fanpage.it\/\" target=\"_blank\" rel=\"noopener\">Fanpage.it<\/a>, <a href=\"https:\/\/it.blastingnews.com\/redazione\/antonio-tisi-1\/\" target=\"_blank\" rel=\"noopener\">it.blastingnews.com<\/a> <a href=\"https:\/\/uk.blastingnews.com\/editorial-staff\/antonio-tisi\/\" target=\"_blank\" rel=\"noopener\">(B)<\/a> e <a href=\"http:\/\/www.agoravox.it\/Antonio-Tisi\" target=\"_blank\" rel=\"noopener\">AgoraVox Italia<\/a>.<br>Sempre nei ritagli di tempo, fotografo, videomaker, webmaster, grafico creativo, web content manager e editor (tutto questo solo per passione).<\/p>\r\n<p>&nbsp;<\/p>\r\n<p style=\"text-align: left;\">&nbsp;<\/p>\r\n<p style=\"text-align: left;\">Riflessioni:<\/p>\r\n<p style=\"text-align: left;\">1) <em>\u201cOsservo la societ\u00e0 come una trib\u00f9 con i suoi vizi e le sue virt\u00f9 ne traggo alcune considerazioni e mi permetto di esprimere, di tanto in tanto, personali opinioni\u201d. <\/em><\/p>\r\n<p style=\"text-align: left;\"><em>2) &#8220;..dopo 30 anni all&#8217;ombra del Vesuvio, ho riscoperto il sole a Berlino e, dal 2001, vivo alla romana..&#8221;<\/em><\/p>\r\n\r\n<p>&nbsp;<\/p>\r\n<h3>Immagini collegate:<\/h3>","protected":false},"excerpt":{"rendered":"<p>Campano di origine, laziale di adozione, classe \u201968, da oltre 25 anni nella comunicazione. Per circa 5 anni a Berlino nel periodo a cavallo del 2000, reporter e giornalista freelance, ha raccontato, con immagini e parole, sottotraccia e nei ritagli di tempo, alcuni anfratti e momenti della citt\u00e0 tedesca e proprio in quegli anni ha [&hellip;]<\/p>\n","protected":false},"author":1,"featured_media":0,"parent":0,"menu_order":0,"comment_status":"closed","ping_status":"closed","template":"","meta":{"ngg_post_thumbnail":0,"footnotes":""},"class_list":["post-2","page","type-page","status-publish","hentry"],"_links":{"self":[{"href":"https:\/\/antoniotisi.it\/index.php\/wp-json\/wp\/v2\/pages\/2","targetHints":{"allow":["GET"]}}],"collection":[{"href":"https:\/\/antoniotisi.it\/index.php\/wp-json\/wp\/v2\/pages"}],"about":[{"href":"https:\/\/antoniotisi.it\/index.php\/wp-json\/wp\/v2\/types\/page"}],"author":[{"embeddable":true,"href":"https:\/\/antoniotisi.it\/index.php\/wp-json\/wp\/v2\/users\/1"}],"replies":[{"embeddable":true,"href":"https:\/\/antoniotisi.it\/index.php\/wp-json\/wp\/v2\/comments?post=2"}],"version-history":[{"count":50,"href":"https:\/\/antoniotisi.it\/index.php\/wp-json\/wp\/v2\/pages\/2\/revisions"}],"predecessor-version":[{"id":1627,"href":"https:\/\/antoniotisi.it\/index.php\/wp-json\/wp\/v2\/pages\/2\/revisions\/1627"}],"wp:attachment":[{"href":"https:\/\/antoniotisi.it\/index.php\/wp-json\/wp\/v2\/media?parent=2"}],"curies":[{"name":"wp","href":"https:\/\/api.w.org\/{rel}","templated":true}]}}